{"id":459,"date":"2025-04-21T21:55:13","date_gmt":"2025-04-21T21:55:13","guid":{"rendered":"https:\/\/agenciaideall.com.br\/cruzeirocarnes\/?post_type=product&#038;p=459"},"modified":"2025-04-21T21:55:46","modified_gmt":"2025-04-21T21:55:46","slug":"kit-suino","status":"publish","type":"product","link":"https:\/\/agenciaideall.com.br\/cruzeirocarnes\/produto\/kit-suino\/","title":{"rendered":"Kit Su\u00edno"},"content":{"rendered":"<p>\u2022 500g de Alm\u00f4ndega Su\u00edna<br \/>\n\u2022 500g de Bisteca<br \/>\n\u2022 500g de Pernil em Cubos<br \/>\n\u2022 500g de Fil\u00e9 Su\u00edno \u00e0 Milanesa<br \/>\n\u2022 500g de Copa Lombo Fatiado<br \/>\n\u2022 500g de Fil\u00e9 Su\u00edno \u00e0 Rol\u00ea<\/p>\n","protected":false},"excerpt":{"rendered":"<p>\u2022 500g de Alm\u00f4ndega Su\u00edna \u2022 500g de Bisteca \u2022 500g de Pernil em Cubos \u2022 500g de Fil\u00e9 Su\u00edno \u00e0 Milanesa \u2022 500g de Copa<span class=\"excerpt-hellip\"> [\u2026]<\/span><\/p>\n","protected":false},"featured_media":460,"comment_status":"open","ping_status":"closed","template":"","meta":[],"product_cat":[50],"product_tag":[],"class_list":{"0":"post-459","1":"product","2":"type-product","3":"status-publish","4":"has-post-thumbnail","6":"product_cat-kits","8":"first","9":"instock","10":"shipping-taxable","11":"product-type-simple"},"_links":{"self":[{"href":"https:\/\/agenciaideall.com.br\/cruzeirocarnes\/wp-json\/wp\/v2\/product\/459","targetHints":{"allow":["GET"]}}],"collection":[{"href":"https:\/\/agenciaideall.com.br\/cruzeirocarnes\/wp-json\/wp\/v2\/product"}],"about":[{"href":"https:\/\/agenciaideall.com.br\/cruzeirocarnes\/wp-json\/wp\/v2\/types\/product"}],"replies":[{"embeddable":true,"href":"https:\/\/agenciaideall.com.br\/cruzeirocarnes\/wp-json\/wp\/v2\/comments?post=459"}],"wp:featuredmedia":[{"embeddable":true,"href":"https:\/\/agenciaideall.com.br\/cruzeirocarnes\/wp-json\/wp\/v2\/media\/460"}],"wp:attachment":[{"href":"https:\/\/agenciaideall.com.br\/cruzeirocarnes\/wp-json\/wp\/v2\/media?parent=459"}],"wp:term":[{"taxonomy":"product_cat","embeddable":true,"href":"https:\/\/agenciaideall.com.br\/cruzeirocarnes\/wp-json\/wp\/v2\/product_cat?post=459"},{"taxonomy":"product_tag","embeddable":true,"href":"https:\/\/agenciaideall.com.br\/cruzeirocarnes\/wp-json\/wp\/v2\/product_tag?post=459"}],"curies":[{"name":"wp","href":"https:\/\/api.w.org\/{rel}","templated":true}]}}