{"id":442,"date":"2025-04-21T21:20:13","date_gmt":"2025-04-21T21:20:13","guid":{"rendered":"https:\/\/agenciaideall.com.br\/cruzeirocarnes\/?post_type=product&#038;p=442"},"modified":"2025-04-21T21:20:51","modified_gmt":"2025-04-21T21:20:51","slug":"kit-familia","status":"publish","type":"product","link":"https:\/\/agenciaideall.com.br\/cruzeirocarnes\/produto\/kit-familia\/","title":{"rendered":"Kit Fam\u00edlia"},"content":{"rendered":"<p>Dispon\u00edvel em 3 tamanhos<br \/>\nP = 700g de cada \u00edtem<br \/>\nM = 1kg de cada \u00edtem<br \/>\nG = 1.5kg de cada \u00edtem<\/p>\n<p>\u2022 Carne Bovina Mo\u00edda<br \/>\n\u2022 Cox\u00e3o Moles Bifes<br \/>\n\u2022 Ac\u00e9m em Cubos<br \/>\n\u2022 Lingui\u00e7a Toscana na Brasa<br \/>\n\u2022 Sobrecoxa de Frango<br \/>\n\u2022 Fil\u00e9 de Frango<br \/>\n\u2022 Ac\u00e9m em Cubos<br \/>\n\u2022 Frango \u00e0 Passarinho<br \/>\n\u2022 Strogonoff de Frango<\/p>\n","protected":false},"excerpt":{"rendered":"<p>Dispon\u00edvel em 3 tamanhos P = 700g de cada \u00edtem M = 1kg de cada \u00edtem G = 1.5kg de cada \u00edtem \u2022 Carne Bovina Mo\u00edda<span class=\"excerpt-hellip\"> [\u2026]<\/span><\/p>\n","protected":false},"featured_media":443,"comment_status":"open","ping_status":"closed","template":"","meta":[],"product_cat":[50],"product_tag":[],"class_list":{"0":"post-442","1":"product","2":"type-product","3":"status-publish","4":"has-post-thumbnail","6":"product_cat-kits","8":"first","9":"instock","10":"shipping-taxable","11":"product-type-simple"},"_links":{"self":[{"href":"https:\/\/agenciaideall.com.br\/cruzeirocarnes\/wp-json\/wp\/v2\/product\/442","targetHints":{"allow":["GET"]}}],"collection":[{"href":"https:\/\/agenciaideall.com.br\/cruzeirocarnes\/wp-json\/wp\/v2\/product"}],"about":[{"href":"https:\/\/agenciaideall.com.br\/cruzeirocarnes\/wp-json\/wp\/v2\/types\/product"}],"replies":[{"embeddable":true,"href":"https:\/\/agenciaideall.com.br\/cruzeirocarnes\/wp-json\/wp\/v2\/comments?post=442"}],"wp:featuredmedia":[{"embeddable":true,"href":"https:\/\/agenciaideall.com.br\/cruzeirocarnes\/wp-json\/wp\/v2\/media\/443"}],"wp:attachment":[{"href":"https:\/\/agenciaideall.com.br\/cruzeirocarnes\/wp-json\/wp\/v2\/media?parent=442"}],"wp:term":[{"taxonomy":"product_cat","embeddable":true,"href":"https:\/\/agenciaideall.com.br\/cruzeirocarnes\/wp-json\/wp\/v2\/product_cat?post=442"},{"taxonomy":"product_tag","embeddable":true,"href":"https:\/\/agenciaideall.com.br\/cruzeirocarnes\/wp-json\/wp\/v2\/product_tag?post=442"}],"curies":[{"name":"wp","href":"https:\/\/api.w.org\/{rel}","templated":true}]}}