{"id":440,"date":"2025-04-21T21:12:11","date_gmt":"2025-04-21T21:12:11","guid":{"rendered":"https:\/\/agenciaideall.com.br\/cruzeirocarnes\/?post_type=product&#038;p=440"},"modified":"2025-04-21T21:36:40","modified_gmt":"2025-04-21T21:36:40","slug":"kit-essencial","status":"publish","type":"product","link":"https:\/\/agenciaideall.com.br\/cruzeirocarnes\/produto\/kit-essencial\/","title":{"rendered":"Kit Essencial"},"content":{"rendered":"<p>\u2022 500g de Baby Beef em Bifes<br \/>\n\u2022 500g de Bife \u00e0 Milanesa<br \/>\n\u2022 500g de Ac\u00e9m em Cubos<br \/>\n\u2022 500g de Paleta Mo\u00edda<br \/>\n\u2022 500g de Alm\u00f4ndegas Su\u00edna<br \/>\n\u2022 500g de Bisteca<br \/>\n\u2022 500g de Bife \u00e0 Rol\u00ea Su\u00edna<br \/>\n\u2022 500g de Perfil em Cubos<\/p>\n","protected":false},"excerpt":{"rendered":"<p>\u2022 500g de Baby Beef em Bifes \u2022 500g de Bife \u00e0 Milanesa \u2022 500g de Ac\u00e9m em Cubos \u2022 500g de Paleta Mo\u00edda \u2022 500g<span class=\"excerpt-hellip\"> [\u2026]<\/span><\/p>\n","protected":false},"featured_media":447,"comment_status":"open","ping_status":"closed","template":"","meta":[],"product_cat":[50],"product_tag":[],"class_list":{"0":"post-440","1":"product","2":"type-product","3":"status-publish","4":"has-post-thumbnail","6":"product_cat-kits","8":"first","9":"instock","10":"shipping-taxable","11":"product-type-simple"},"_links":{"self":[{"href":"https:\/\/agenciaideall.com.br\/cruzeirocarnes\/wp-json\/wp\/v2\/product\/440","targetHints":{"allow":["GET"]}}],"collection":[{"href":"https:\/\/agenciaideall.com.br\/cruzeirocarnes\/wp-json\/wp\/v2\/product"}],"about":[{"href":"https:\/\/agenciaideall.com.br\/cruzeirocarnes\/wp-json\/wp\/v2\/types\/product"}],"replies":[{"embeddable":true,"href":"https:\/\/agenciaideall.com.br\/cruzeirocarnes\/wp-json\/wp\/v2\/comments?post=440"}],"wp:featuredmedia":[{"embeddable":true,"href":"https:\/\/agenciaideall.com.br\/cruzeirocarnes\/wp-json\/wp\/v2\/media\/447"}],"wp:attachment":[{"href":"https:\/\/agenciaideall.com.br\/cruzeirocarnes\/wp-json\/wp\/v2\/media?parent=440"}],"wp:term":[{"taxonomy":"product_cat","embeddable":true,"href":"https:\/\/agenciaideall.com.br\/cruzeirocarnes\/wp-json\/wp\/v2\/product_cat?post=440"},{"taxonomy":"product_tag","embeddable":true,"href":"https:\/\/agenciaideall.com.br\/cruzeirocarnes\/wp-json\/wp\/v2\/product_tag?post=440"}],"curies":[{"name":"wp","href":"https:\/\/api.w.org\/{rel}","templated":true}]}}